{"id":3685,"date":"2022-10-23T16:03:30","date_gmt":"2022-10-23T16:03:30","guid":{"rendered":"https:\/\/wp.mehedidb.com\/utech\/?page_id=3685"},"modified":"2024-01-05T17:21:23","modified_gmt":"2024-01-05T17:21:23","slug":"asesoria","status":"publish","type":"page","link":"https:\/\/fundacionpreciosa.com\/index.php\/asesoria\/","title":{"rendered":"5 Asesor\u00eda"},"content":{"rendered":"\t\t<div data-elementor-type=\"wp-page\" data-elementor-id=\"3685\" class=\"elementor elementor-3685\">\n\t\t\t\t\t\t\t\t\t<section class=\"elementor-section elementor-top-section elementor-element elementor-element-674bfa0 elementor-section-height-min-height elementor-section-boxed elementor-section-height-default elementor-section-items-middle\" data-id=\"674bfa0\" data-element_type=\"section\" data-settings=\"{&quot;background_background&quot;:&quot;classic&quot;}\">\n\t\t\t\t\t\t\t<div class=\"elementor-background-overlay\"><\/div>\n\t\t\t\t\t\t\t<div class=\"elementor-container elementor-column-gap-default\">\n\t\t\t\t\t<div class=\"elementor-column elementor-col-100 elementor-top-column elementor-element elementor-element-0906a80\" data-id=\"0906a80\" data-element_type=\"column\">\n\t\t\t<div class=\"elementor-widget-wrap elementor-element-populated\">\n\t\t\t\t\t\t\t\t<section class=\"elementor-section elementor-inner-section elementor-element elementor-element-979945f elementor-section-content-middle elementor-section-boxed elementor-section-height-default elementor-section-height-default\" data-id=\"979945f\" data-element_type=\"section\">\n\t\t\t\t\t\t<div class=\"elementor-container elementor-column-gap-default\">\n\t\t\t\t\t<div class=\"elementor-column elementor-col-33 elementor-inner-column elementor-element elementor-element-87a2123\" data-id=\"87a2123\" data-element_type=\"column\">\n\t\t\t<div class=\"elementor-widget-wrap\">\n\t\t\t\t\t\t\t\t\t<\/div>\n\t\t<\/div>\n\t\t\t\t<div class=\"elementor-column elementor-col-33 elementor-inner-column elementor-element elementor-element-430e32a\" data-id=\"430e32a\" data-element_type=\"column\">\n\t\t\t<div class=\"elementor-widget-wrap elementor-element-populated\">\n\t\t\t\t\t\t\t\t<div class=\"elementor-element elementor-element-26faedc elementor-invisible elementor-widget elementor-widget-UltimateAreaTitle\" data-id=\"26faedc\" data-element_type=\"widget\" data-settings=\"{&quot;_animation&quot;:&quot;fadeInUp&quot;,&quot;_animation_delay&quot;:300,&quot;ultimate_floating_fx_translate_y&quot;:{&quot;unit&quot;:&quot;px&quot;,&quot;size&quot;:&quot;&quot;,&quot;sizes&quot;:[]}}\" data-widget_type=\"UltimateAreaTitle.default\">\n\t\t\t\t<div class=\"elementor-widget-container\">\n\t\t\t<div class=\"area__content\">\t\t\t\r\n\t\t\t\t\r\n\t\t\t\t<div class=\"area__subtitle\">Asesoria<\/div>\r\n\t\t\t\t\r\n\t\t\t\t<\/div>\t\t<\/div>\n\t\t\t\t<\/div>\n\t\t\t\t<div class=\"elementor-element elementor-element-7617562 elementor-widget-mobile__width-initial elementor-widget elementor-widget-Ultimate_Animate_Headline\" data-id=\"7617562\" data-element_type=\"widget\" data-settings=\"{&quot;ultimate_floating_fx_translate_y&quot;:{&quot;unit&quot;:&quot;px&quot;,&quot;size&quot;:&quot;&quot;,&quot;sizes&quot;:[]}}\" data-widget_type=\"Ultimate_Animate_Headline.default\">\n\t\t\t\t<div class=\"elementor-widget-container\">\n\t\t\t        <div class=\"animated__headline__area\">\r\n                <div class=\"ultimate__animate__heading__activation animate__text__headline clip\" data-settings=\"{&quot;random_id&quot;:2106,&quot;animate_type&quot;:&quot;clip&quot;}\" id=\"animate__text__headline__2106\">\r\n                    <h1 class=\"ah-headline\">\r\n                                                <span class=\"animate__headline__before\">Te asesoramos en<\/span>\r\n                                                <span class=\"ah-words-wrapper animate__main__text\">\r\n                                                                                                <b class=\"is-visible\">participaci\u00f3n<\/b>\r\n                                                                                                                                <b>proyectos<\/b>\r\n                                                                                                                                <b>investigaciones<\/b>\r\n                                                                                                                                <b>estudios <\/b>\r\n                                                                                                                                <b>salud<\/b>\r\n                                                                                                                                <b>ejercicios<\/b>\r\n                                                                                    <\/span>\r\n                                            <\/h1>\r\n                <\/div>\r\n        <\/div>\r\n    \t\t<\/div>\n\t\t\t\t<\/div>\n\t\t\t\t<div class=\"elementor-element elementor-element-a20e8fe elementor-invisible elementor-widget elementor-widget-UltimateAreaTitle\" data-id=\"a20e8fe\" data-element_type=\"widget\" data-settings=\"{&quot;_animation&quot;:&quot;fadeInUp&quot;,&quot;_animation_delay&quot;:300,&quot;ultimate_floating_fx_translate_y&quot;:{&quot;unit&quot;:&quot;px&quot;,&quot;size&quot;:&quot;&quot;,&quot;sizes&quot;:[]}}\" data-widget_type=\"UltimateAreaTitle.default\">\n\t\t\t\t<div class=\"elementor-widget-container\">\n\t\t\t<div class=\"area__content\">\t\t\t\r\n\t\t\t\t\r\n\t\t\t\t\r\n\t\t\t\t<div class=\"area__description\"><p>Gracias a nuestros expertos, haremos que tu participaci\u00f3n en proyectos o ensayos cl\u00ednicos de investigaci\u00f3n est\u00e9 bien asesorada, informada y equilibrada. <br \/>Rellena el siguiente formulario o escr\u00edbenos a <strong>fundacionpreciosa@gmail.com<\/strong><\/p>\n<\/div>\r\n\t\t\t\t<\/div>\t\t<\/div>\n\t\t\t\t<\/div>\n\t\t\t\t\t<\/div>\n\t\t<\/div>\n\t\t\t\t<div class=\"elementor-column elementor-col-33 elementor-inner-column elementor-element elementor-element-ff9ffc5\" data-id=\"ff9ffc5\" data-element_type=\"column\">\n\t\t\t<div class=\"elementor-widget-wrap\">\n\t\t\t\t\t\t\t\t\t<\/div>\n\t\t<\/div>\n\t\t\t\t\t\t\t<\/div>\n\t\t<\/section>\n\t\t\t\t\t<\/div>\n\t\t<\/div>\n\t\t\t\t\t\t\t<\/div>\n\t\t<\/section>\n\t\t\t\t<section class=\"elementor-section elementor-top-section elementor-element elementor-element-36d5c35 elementor-section-boxed elementor-section-height-default elementor-section-height-default\" data-id=\"36d5c35\" data-element_type=\"section\" data-settings=\"{&quot;background_background&quot;:&quot;classic&quot;}\">\n\t\t\t\t\t\t<div class=\"elementor-container elementor-column-gap-default\">\n\t\t\t\t\t<div class=\"elementor-column elementor-col-100 elementor-top-column elementor-element elementor-element-1fa70e9\" data-id=\"1fa70e9\" data-element_type=\"column\">\n\t\t\t<div class=\"elementor-widget-wrap elementor-element-populated\">\n\t\t\t\t\t\t\t\t<section class=\"elementor-section elementor-inner-section elementor-element elementor-element-9f10b16 elementor-section-boxed elementor-section-height-default elementor-section-height-default\" data-id=\"9f10b16\" data-element_type=\"section\">\n\t\t\t\t\t\t<div class=\"elementor-container elementor-column-gap-default\">\n\t\t\t\t\t<div class=\"elementor-column elementor-col-33 elementor-inner-column elementor-element elementor-element-733967e\" data-id=\"733967e\" data-element_type=\"column\">\n\t\t\t<div class=\"elementor-widget-wrap\">\n\t\t\t\t\t\t\t\t\t<\/div>\n\t\t<\/div>\n\t\t\t\t<div class=\"elementor-column elementor-col-33 elementor-inner-column elementor-element elementor-element-94dbdcf\" data-id=\"94dbdcf\" data-element_type=\"column\">\n\t\t\t<div class=\"elementor-widget-wrap elementor-element-populated\">\n\t\t\t\t\t\t\t\t<div class=\"elementor-element elementor-element-135467e elementor-invisible elementor-widget elementor-widget-Ultimate_Contact_Form_Seven_Widget\" data-id=\"135467e\" data-element_type=\"widget\" data-settings=\"{&quot;_animation&quot;:&quot;fadeInUp&quot;,&quot;_animation_delay&quot;:400,&quot;ultimate_floating_fx_translate_y&quot;:{&quot;unit&quot;:&quot;px&quot;,&quot;size&quot;:&quot;&quot;,&quot;sizes&quot;:[]}}\" data-widget_type=\"Ultimate_Contact_Form_Seven_Widget.default\">\n\t\t\t\t<div class=\"elementor-widget-container\">\n\t\t\t            <div class=\"ultimate__form__wrapper contact__form__style__1\" >\r\n                \n<div class=\"wpcf7 no-js\" id=\"wpcf7-f507-o1\" lang=\"en-US\" dir=\"ltr\">\n<div class=\"screen-reader-response\"><p role=\"status\" aria-live=\"polite\" aria-atomic=\"true\"><\/p> <ul><\/ul><\/div>\n<form action=\"\/index.php\/wp-json\/wp\/v2\/pages\/3685#wpcf7-f507-o1\" method=\"post\" class=\"wpcf7-form init\" aria-label=\"Contact form\" novalidate=\"novalidate\" data-status=\"init\">\n<div style=\"display: none;\">\n<input type=\"hidden\" name=\"_wpcf7\" value=\"507\" \/>\n<input type=\"hidden\" name=\"_wpcf7_version\" value=\"5.8.6\" \/>\n<input type=\"hidden\" name=\"_wpcf7_locale\" value=\"en_US\" \/>\n<input type=\"hidden\" name=\"_wpcf7_unit_tag\" value=\"wpcf7-f507-o1\" \/>\n<input type=\"hidden\" name=\"_wpcf7_container_post\" value=\"0\" \/>\n<input type=\"hidden\" name=\"_wpcf7_posted_data_hash\" value=\"\" \/>\n<\/div>\n<div class=\"row\">\n        <div class=\"col-md-6\">\n            <input size=\"40\" class=\"wpcf7-form-control wpcf7-text wpcf7-validates-as-required\" aria-required=\"true\" aria-invalid=\"false\" placeholder=\"Nombre\" value=\"\" type=\"text\" name=\"f_name\" \/>\n        <\/div>\n        <div class=\"col-md-6\">\n            <input size=\"40\" class=\"wpcf7-form-control wpcf7-text wpcf7-validates-as-required\" aria-required=\"true\" aria-invalid=\"false\" placeholder=\"Apellidos\" value=\"\" type=\"text\" name=\"l_name\" \/>\n        <\/div>\n        <div class=\"col-md-6\">\n            <input size=\"40\" class=\"wpcf7-form-control wpcf7-email wpcf7-validates-as-required wpcf7-text wpcf7-validates-as-email\" aria-required=\"true\" aria-invalid=\"false\" placeholder=\"Email\" value=\"\" type=\"email\" name=\"your_email\" \/>\n        <\/div>\n        <div class=\"col-md-6\">\n            <input size=\"40\" class=\"wpcf7-form-control wpcf7-text wpcf7-validates-as-required\" aria-required=\"true\" aria-invalid=\"false\" placeholder=\"Asunto\" value=\"\" type=\"text\" name=\"your_subject\" \/>\n        <\/div>\n        <div class=\"col-md-12\">\n            <textarea cols=\"40\" rows=\"10\" class=\"wpcf7-form-control wpcf7-textarea wpcf7-validates-as-required\" aria-required=\"true\" aria-invalid=\"false\" placeholder=\"\u00bfEn qu\u00e9 podemos ayudarte?\" name=\"your_message\"><\/textarea>\n        <\/div>\n        <div class=\"col-md-12\">\n            <div class=\"condition-check\">\n                <span class=\"wpcf7-form-control wpcf7-acceptance optional\"><span class=\"wpcf7-list-item\"><label><input type=\"checkbox\" name=\"terms_condition\" value=\"1\" aria-invalid=\"false\" \/><span class=\"wpcf7-list-item-label\">Acepto los T\u00e9rminos y Condiciones<\/span><\/label><\/span><\/span>\n            <\/div>\n        <\/div>\n        <div class=\"col-md-12\">\n            <input class=\"wpcf7-form-control wpcf7-submit has-spinner\" type=\"submit\" value=\"Enviar mensaje\" \/>\n        <\/div>\n    <\/div><p style=\"display: none !important;\"><label>&#916;<textarea name=\"_wpcf7_ak_hp_textarea\" cols=\"45\" rows=\"8\" maxlength=\"100\"><\/textarea><\/label><input type=\"hidden\" id=\"ak_js_1\" name=\"_wpcf7_ak_js\" value=\"203\"\/><script>document.getElementById( \"ak_js_1\" ).setAttribute( \"value\", ( new Date() ).getTime() );<\/script><\/p><div class=\"wpcf7-response-output\" aria-hidden=\"true\"><\/div>\n<\/form>\n<\/div>\n            <\/div>\r\n        \t\t<\/div>\n\t\t\t\t<\/div>\n\t\t\t\t\t<\/div>\n\t\t<\/div>\n\t\t\t\t<div class=\"elementor-column elementor-col-33 elementor-inner-column elementor-element elementor-element-4c21919\" data-id=\"4c21919\" data-element_type=\"column\">\n\t\t\t<div class=\"elementor-widget-wrap\">\n\t\t\t\t\t\t\t\t\t<\/div>\n\t\t<\/div>\n\t\t\t\t\t\t\t<\/div>\n\t\t<\/section>\n\t\t\t\t\t<\/div>\n\t\t<\/div>\n\t\t\t\t\t\t\t<\/div>\n\t\t<\/section>\n\t\t\t\t<section class=\"elementor-section elementor-top-section elementor-element elementor-element-0cee495 elementor-section-boxed elementor-section-height-default elementor-section-height-default\" data-id=\"0cee495\" data-element_type=\"section\" data-settings=\"{&quot;background_background&quot;:&quot;classic&quot;}\">\n\t\t\t\t\t\t<div class=\"elementor-container elementor-column-gap-default\">\n\t\t\t\t\t<div class=\"elementor-column elementor-col-100 elementor-top-column elementor-element elementor-element-8667fef\" data-id=\"8667fef\" data-element_type=\"column\">\n\t\t\t<div class=\"elementor-widget-wrap elementor-element-populated\">\n\t\t\t\t\t\t\t\t<section class=\"elementor-section elementor-inner-section elementor-element elementor-element-a955ac4 elementor-section-boxed elementor-section-height-default elementor-section-height-default\" data-id=\"a955ac4\" data-element_type=\"section\">\n\t\t\t\t\t\t<div class=\"elementor-container elementor-column-gap-default\">\n\t\t\t\t\t<div class=\"elementor-column elementor-col-100 elementor-inner-column elementor-element elementor-element-841fab5\" data-id=\"841fab5\" data-element_type=\"column\">\n\t\t\t<div class=\"elementor-widget-wrap elementor-element-populated\">\n\t\t\t\t\t\t\t\t<div class=\"elementor-element elementor-element-855d315 elementor-invisible elementor-widget elementor-widget-UltimateAreaTitle\" data-id=\"855d315\" data-element_type=\"widget\" data-settings=\"{&quot;_animation&quot;:&quot;fadeIn&quot;,&quot;ultimate_floating_fx_translate_y&quot;:{&quot;unit&quot;:&quot;px&quot;,&quot;size&quot;:&quot;&quot;,&quot;sizes&quot;:[]}}\" data-widget_type=\"UltimateAreaTitle.default\">\n\t\t\t\t<div class=\"elementor-widget-container\">\n\t\t\t<div class=\"area__content\">\t\t\t\r\n\t\t\t\t\r\n\t\t\t\t<div class=\"area__subtitle\">Casos de \u00e9xito<\/div><div class=\"area__title\"><h2>Convierte tu proyecto en una realidad<\/h2>\n<\/div>\r\n\t\t\t\t<div class=\"area__description\"><p class=\"elementor-heading-title elementor-size-default\">Somos expertos en analizar las condiciones de participaci\u00f3n y los derechos de las personas a las que se les ofrece participar en estudios de investigaci\u00f3n con o sin medicamentos<\/p>\n<\/div>\r\n\t\t\t\t<\/div>\t\t<\/div>\n\t\t\t\t<\/div>\n\t\t\t\t<div class=\"elementor-element elementor-element-4bf3ebd elementor-invisible elementor-widget elementor-widget-Ultimate_Portfolio\" data-id=\"4bf3ebd\" data-element_type=\"widget\" data-settings=\"{&quot;_animation&quot;:&quot;fadeIn&quot;,&quot;ultimate_floating_fx_translate_y&quot;:{&quot;unit&quot;:&quot;px&quot;,&quot;size&quot;:&quot;&quot;,&quot;sizes&quot;:[]}}\" data-widget_type=\"Ultimate_Portfolio.default\">\n\t\t\t\t<div class=\"elementor-widget-container\">\n\t\t\t\r\n            <div class=\"sldier-content-area ultimate__portfolio__content__layout__7 outside_vertical_center_nav\">\r\n\r\n                            \r\n                <div class=\"ultimate-carousel-activation ultimate-filter-activation\" data-settings=\"{&quot;slideid&quot;:1807,&quot;arrows&quot;:true,&quot;arrow_prev_txt&quot;:&quot;fas fa-angle-left&quot;,&quot;arrow_next_txt&quot;:&quot;fas fa-angle-right&quot;,&quot;dots&quot;:false,&quot;autoplay&quot;:true,&quot;autoplay_speed&quot;:3000,&quot;animation_speed&quot;:300,&quot;pause_on_hover&quot;:true,&quot;center_mode&quot;:false,&quot;center_padding&quot;:0,&quot;rows&quot;:0,&quot;fade&quot;:false,&quot;focusonselect&quot;:false,&quot;vertical&quot;:false,&quot;rtl&quot;:false,&quot;infinite&quot;:true,&quot;display_columns&quot;:3,&quot;scroll_columns&quot;:1,&quot;tablet_width&quot;:992,&quot;tablet_display_columns&quot;:2,&quot;tablet_scroll_columns&quot;:1,&quot;mobile_width&quot;:480,&quot;mobile_display_columns&quot;:1,&quot;mobile_scroll_columns&quot;:1}\">\r\n\r\n                                                                                                                <div class=\"ultimate__grid__item__4bf3ebd ultimate__portfolio__item__parent  investigation \">\r\n                                <div class=\"ultimate__single__portfolio ultimate__portfolio__layout__7\" >\r\n                                    \r\n\r\n                                                <div class=\"portfolio__thumb\">\r\n                <a href=\"https:\/\/fundacionpreciosa.com\/index.php\/portfolio\/proyecto-preciosa-ii\/\"><img decoding=\"async\" src=\"https:\/\/fundacionpreciosa.com\/wp-content\/uploads\/2024\/01\/cover-preciosa1.jpg\" alt=\"Proyecto Preciosa II\"><\/a>\r\n            <\/div>\r\n                       <div class=\"portfolio__content\">\r\n                    <div class=\"portfolio__inner\">\r\n                                            <h3 class=\"portfolio__title\"><a href=\"https:\/\/fundacionpreciosa.com\/index.php\/portfolio\/proyecto-preciosa-ii\/\">Proyecto Preciosa II<\/a><\/h3>\r\n                                                <div class=\"portfolio__category\">\r\n                   Investigation                <\/div>\r\n                                                                <\/div>\r\n                <\/div>\r\n\r\n            \r\n                                        <\/div>\r\n                            <\/div>\r\n\r\n                        \r\n                                                                                                                <div class=\"ultimate__grid__item__4bf3ebd ultimate__portfolio__item__parent  investigation \">\r\n                                <div class=\"ultimate__single__portfolio ultimate__portfolio__layout__7\" >\r\n                                    \r\n\r\n                                                <div class=\"portfolio__thumb\">\r\n                <a href=\"https:\/\/fundacionpreciosa.com\/index.php\/portfolio\/proyecto-preciosa-1\/\"><img decoding=\"async\" src=\"https:\/\/fundacionpreciosa.com\/wp-content\/uploads\/2024\/01\/cover-preciosa1.jpg\" alt=\"Proyecto Preciosa I\"><\/a>\r\n            <\/div>\r\n                       <div class=\"portfolio__content\">\r\n                    <div class=\"portfolio__inner\">\r\n                                            <h3 class=\"portfolio__title\"><a href=\"https:\/\/fundacionpreciosa.com\/index.php\/portfolio\/proyecto-preciosa-1\/\">Proyecto Preciosa I<\/a><\/h3>\r\n                                                <div class=\"portfolio__category\">\r\n                   Investigation                <\/div>\r\n                                                                <\/div>\r\n                <\/div>\r\n\r\n            \r\n                                        <\/div>\r\n                            <\/div>\r\n\r\n                        \r\n                                                                                                                <div class=\"ultimate__grid__item__4bf3ebd ultimate__portfolio__item__parent  branding \">\r\n                                <div class=\"ultimate__single__portfolio ultimate__portfolio__layout__7\" >\r\n                                    \r\n\r\n                                                <div class=\"portfolio__thumb\">\r\n                <a href=\"https:\/\/fundacionpreciosa.com\/index.php\/portfolio\/branding-for-american-it-business-agency-2\/\"><img decoding=\"async\" src=\"https:\/\/fundacionpreciosa.com\/wp-content\/uploads\/2021\/06\/Technology__21.jpg\" alt=\"Branding For American IT Business Agency\"><\/a>\r\n            <\/div>\r\n                       <div class=\"portfolio__content\">\r\n                    <div class=\"portfolio__inner\">\r\n                                            <h3 class=\"portfolio__title\"><a href=\"https:\/\/fundacionpreciosa.com\/index.php\/portfolio\/branding-for-american-it-business-agency-2\/\">Branding For American IT Business<\/a><\/h3>\r\n                                                <div class=\"portfolio__category\">\r\n                   Branding                <\/div>\r\n                                                                <\/div>\r\n                <\/div>\r\n\r\n            \r\n                                        <\/div>\r\n                            <\/div>\r\n\r\n                        \r\n                    \r\n                <\/div>\r\n\r\n                \r\n                    <div class=\"owl-controls\">\r\n                                            <div class=\"ultimate-carousel-nav1807 owl-nav\"><\/div>\r\n                    \r\n                                        <\/div>\r\n\r\n                \r\n            <\/div>\r\n        \t\t<\/div>\n\t\t\t\t<\/div>\n\t\t\t\t\t<\/div>\n\t\t<\/div>\n\t\t\t\t\t\t\t<\/div>\n\t\t<\/section>\n\t\t\t\t\t<\/div>\n\t\t<\/div>\n\t\t\t\t\t\t\t<\/div>\n\t\t<\/section>\n\t\t\t\t\t\t\t<\/div>\n\t\t","protected":false},"excerpt":{"rendered":"<p>Asesoria Te asesoramos en participaci\u00f3n proyectos investigaciones estudios salud ejercicios Gracias a nuestros expertos, haremos que tu participaci\u00f3n en proyectos [&hellip;]<\/p>\n","protected":false},"author":1,"featured_media":0,"parent":0,"menu_order":0,"comment_status":"closed","ping_status":"closed","template":"template\/composer.php","meta":{"footnotes":""},"_links":{"self":[{"href":"https:\/\/fundacionpreciosa.com\/index.php\/wp-json\/wp\/v2\/pages\/3685"}],"collection":[{"href":"https:\/\/fundacionpreciosa.com\/index.php\/wp-json\/wp\/v2\/pages"}],"about":[{"href":"https:\/\/fundacionpreciosa.com\/index.php\/wp-json\/wp\/v2\/types\/page"}],"author":[{"embeddable":true,"href":"https:\/\/fundacionpreciosa.com\/index.php\/wp-json\/wp\/v2\/users\/1"}],"replies":[{"embeddable":true,"href":"https:\/\/fundacionpreciosa.com\/index.php\/wp-json\/wp\/v2\/comments?post=3685"}],"version-history":[{"count":29,"href":"https:\/\/fundacionpreciosa.com\/index.php\/wp-json\/wp\/v2\/pages\/3685\/revisions"}],"predecessor-version":[{"id":4368,"href":"https:\/\/fundacionpreciosa.com\/index.php\/wp-json\/wp\/v2\/pages\/3685\/revisions\/4368"}],"wp:attachment":[{"href":"https:\/\/fundacionpreciosa.com\/index.php\/wp-json\/wp\/v2\/media?parent=3685"}],"curies":[{"name":"wp","href":"https:\/\/api.w.org\/{rel}","templated":true}]}}