{"id":3669,"date":"2022-10-23T15:56:43","date_gmt":"2022-10-23T15:56:43","guid":{"rendered":"https:\/\/wp.mehedidb.com\/utech\/?page_id=3669"},"modified":"2025-04-26T11:30:35","modified_gmt":"2025-04-26T11:30:35","slug":"proyectos","status":"publish","type":"page","link":"https:\/\/fundacionpreciosa.com\/index.php\/proyectos\/","title":{"rendered":"3 Proyectos"},"content":{"rendered":"\t\t<div data-elementor-type=\"wp-page\" data-elementor-id=\"3669\" class=\"elementor elementor-3669\">\n\t\t\t\t\t\t\t\t\t<section class=\"elementor-section elementor-top-section elementor-element elementor-element-be0a8d8 elementor-section-height-min-height elementor-section-boxed elementor-section-height-default elementor-section-items-middle\" data-id=\"be0a8d8\" data-element_type=\"section\" data-settings=\"{&quot;background_background&quot;:&quot;classic&quot;}\">\n\t\t\t\t\t\t\t<div class=\"elementor-background-overlay\"><\/div>\n\t\t\t\t\t\t\t<div class=\"elementor-container elementor-column-gap-default\">\n\t\t\t\t\t<div class=\"elementor-column elementor-col-100 elementor-top-column elementor-element elementor-element-2c3d7ac\" data-id=\"2c3d7ac\" data-element_type=\"column\">\n\t\t\t<div class=\"elementor-widget-wrap elementor-element-populated\">\n\t\t\t\t\t\t\t\t<section class=\"elementor-section elementor-inner-section elementor-element elementor-element-588bc59 elementor-section-content-middle elementor-section-boxed elementor-section-height-default elementor-section-height-default\" data-id=\"588bc59\" data-element_type=\"section\">\n\t\t\t\t\t\t<div class=\"elementor-container elementor-column-gap-default\">\n\t\t\t\t\t<div class=\"elementor-column elementor-col-33 elementor-inner-column elementor-element elementor-element-8ea031f\" data-id=\"8ea031f\" data-element_type=\"column\">\n\t\t\t<div class=\"elementor-widget-wrap\">\n\t\t\t\t\t\t\t\t\t<\/div>\n\t\t<\/div>\n\t\t\t\t<div class=\"elementor-column elementor-col-33 elementor-inner-column elementor-element elementor-element-150ec38\" data-id=\"150ec38\" data-element_type=\"column\">\n\t\t\t<div class=\"elementor-widget-wrap elementor-element-populated\">\n\t\t\t\t\t\t\t\t<div class=\"elementor-element elementor-element-60e327f elementor-invisible elementor-widget elementor-widget-UltimateAreaTitle\" data-id=\"60e327f\" data-element_type=\"widget\" data-settings=\"{&quot;_animation&quot;:&quot;fadeInUp&quot;,&quot;_animation_delay&quot;:300,&quot;ultimate_floating_fx_translate_y&quot;:{&quot;unit&quot;:&quot;px&quot;,&quot;size&quot;:&quot;&quot;,&quot;sizes&quot;:[]}}\" data-widget_type=\"UltimateAreaTitle.default\">\n\t\t\t\t<div class=\"elementor-widget-container\">\n\t\t\t<div class=\"area__content\">\t\t\t\r\n\t\t\t\t\r\n\t\t\t\t<div class=\"area__subtitle\">Proyectos<\/div><div class=\"area__title\"><h1>Echale un ojo a nuestros \u00faltimos proyectos<\/h1>\n<\/div>\r\n\t\t\t\t<div class=\"area__description\"><p>En esta p\u00e1gina te mostramos los casos de \u00e9xito en los que hemos participado y asesorado<\/p>\n<\/div>\r\n\t\t\t\t<\/div>\t\t<\/div>\n\t\t\t\t<\/div>\n\t\t\t\t\t<\/div>\n\t\t<\/div>\n\t\t\t\t<div class=\"elementor-column elementor-col-33 elementor-inner-column elementor-element elementor-element-c68a996\" data-id=\"c68a996\" data-element_type=\"column\">\n\t\t\t<div class=\"elementor-widget-wrap\">\n\t\t\t\t\t\t\t\t\t<\/div>\n\t\t<\/div>\n\t\t\t\t\t\t\t<\/div>\n\t\t<\/section>\n\t\t\t\t\t<\/div>\n\t\t<\/div>\n\t\t\t\t\t\t\t<\/div>\n\t\t<\/section>\n\t\t\t\t<section class=\"elementor-section elementor-top-section elementor-element elementor-element-2f10b63 elementor-section-boxed elementor-section-height-default elementor-section-height-default\" data-id=\"2f10b63\" data-element_type=\"section\" data-settings=\"{&quot;background_background&quot;:&quot;classic&quot;}\">\n\t\t\t\t\t\t<div class=\"elementor-container elementor-column-gap-default\">\n\t\t\t\t\t<div class=\"elementor-column elementor-col-100 elementor-top-column elementor-element elementor-element-8f3376d\" data-id=\"8f3376d\" data-element_type=\"column\">\n\t\t\t<div class=\"elementor-widget-wrap elementor-element-populated\">\n\t\t\t\t\t\t\t\t<section class=\"elementor-section elementor-inner-section elementor-element elementor-element-45b2ddc elementor-section-boxed elementor-section-height-default elementor-section-height-default\" data-id=\"45b2ddc\" data-element_type=\"section\">\n\t\t\t\t\t\t<div class=\"elementor-container elementor-column-gap-default\">\n\t\t\t\t\t<div class=\"elementor-column elementor-col-33 elementor-inner-column elementor-element elementor-element-e7afbe5\" data-id=\"e7afbe5\" data-element_type=\"column\">\n\t\t\t<div class=\"elementor-widget-wrap\">\n\t\t\t\t\t\t\t\t\t<\/div>\n\t\t<\/div>\n\t\t\t\t<div class=\"elementor-column elementor-col-33 elementor-inner-column elementor-element elementor-element-53a451e\" data-id=\"53a451e\" data-element_type=\"column\">\n\t\t\t<div class=\"elementor-widget-wrap elementor-element-populated\">\n\t\t\t\t\t\t\t\t<div class=\"elementor-element elementor-element-d79606c elementor-invisible elementor-widget elementor-widget-UltimateAreaTitle\" data-id=\"d79606c\" data-element_type=\"widget\" data-settings=\"{&quot;_animation&quot;:&quot;fadeIn&quot;,&quot;ultimate_floating_fx_translate_y&quot;:{&quot;unit&quot;:&quot;px&quot;,&quot;size&quot;:&quot;&quot;,&quot;sizes&quot;:[]}}\" data-widget_type=\"UltimateAreaTitle.default\">\n\t\t\t\t<div class=\"elementor-widget-container\">\n\t\t\t<div class=\"area__content\">\t\t\t\r\n\t\t\t\t\r\n\t\t\t\t<div class=\"area__subtitle\">Proyectos<\/div><div class=\"area__title\"><h2>Asesor\u00eda profesional para participar en proyectos<\/h2>\n<\/div>\r\n\t\t\t\t<div class=\"area__description\"><p>Somos expertos en participar y evaluar proyectos de investigaci\u00f3n en el \u00e1mbito de la salud cl\u00ednica, epidemiol\u00f3gica y de participaci\u00f3n comunitaria.<\/p>\n<\/div>\r\n\t\t\t\t<\/div>\t\t<\/div>\n\t\t\t\t<\/div>\n\t\t\t\t\t<\/div>\n\t\t<\/div>\n\t\t\t\t<div class=\"elementor-column elementor-col-33 elementor-inner-column elementor-element elementor-element-6dea07d\" data-id=\"6dea07d\" data-element_type=\"column\">\n\t\t\t<div class=\"elementor-widget-wrap\">\n\t\t\t\t\t\t\t\t\t<\/div>\n\t\t<\/div>\n\t\t\t\t\t\t\t<\/div>\n\t\t<\/section>\n\t\t\t\t\t<\/div>\n\t\t<\/div>\n\t\t\t\t\t\t\t<\/div>\n\t\t<\/section>\n\t\t\t\t<section class=\"elementor-section elementor-top-section elementor-element elementor-element-2857600 elementor-section-boxed elementor-section-height-default elementor-section-height-default\" data-id=\"2857600\" data-element_type=\"section\" data-settings=\"{&quot;background_background&quot;:&quot;classic&quot;}\">\n\t\t\t\t\t\t<div class=\"elementor-container elementor-column-gap-default\">\n\t\t\t\t\t<div class=\"elementor-column elementor-col-100 elementor-top-column elementor-element elementor-element-39f7f7a\" data-id=\"39f7f7a\" data-element_type=\"column\">\n\t\t\t<div class=\"elementor-widget-wrap elementor-element-populated\">\n\t\t\t\t\t\t\t\t<section class=\"elementor-section elementor-inner-section elementor-element elementor-element-566a162 elementor-section-boxed elementor-section-height-default elementor-section-height-default\" data-id=\"566a162\" data-element_type=\"section\">\n\t\t\t\t\t\t<div class=\"elementor-container elementor-column-gap-default\">\n\t\t\t\t\t<div class=\"elementor-column elementor-col-100 elementor-inner-column elementor-element elementor-element-cf88923\" data-id=\"cf88923\" data-element_type=\"column\">\n\t\t\t<div class=\"elementor-widget-wrap elementor-element-populated\">\n\t\t\t\t\t\t\t\t<div class=\"elementor-element elementor-element-d8d1fa8 elementor-invisible elementor-widget elementor-widget-Ultimate_Portfolio\" data-id=\"d8d1fa8\" data-element_type=\"widget\" data-settings=\"{&quot;_animation&quot;:&quot;fadeIn&quot;,&quot;ultimate_floating_fx_translate_y&quot;:{&quot;unit&quot;:&quot;px&quot;,&quot;size&quot;:&quot;&quot;,&quot;sizes&quot;:[]}}\" data-widget_type=\"Ultimate_Portfolio.default\">\n\t\t\t\t<div class=\"elementor-widget-container\">\n\t\t\t\r\n            <div class=\"sldier-content-area ultimate__portfolio__content__layout__8 outside_vertical_center_nav\">\r\n\r\n                            \r\n                <div class=\"ultimate-carousel-activation ultimate-filter-activation\" data-settings=\"{&quot;slideid&quot;:2410,&quot;arrows&quot;:true,&quot;arrow_prev_txt&quot;:&quot;fas fa-angle-left&quot;,&quot;arrow_next_txt&quot;:&quot;fas fa-angle-right&quot;,&quot;dots&quot;:false,&quot;autoplay&quot;:true,&quot;autoplay_speed&quot;:3000,&quot;animation_speed&quot;:300,&quot;pause_on_hover&quot;:true,&quot;center_mode&quot;:false,&quot;center_padding&quot;:0,&quot;rows&quot;:0,&quot;fade&quot;:false,&quot;focusonselect&quot;:false,&quot;vertical&quot;:false,&quot;rtl&quot;:false,&quot;infinite&quot;:true,&quot;display_columns&quot;:3,&quot;scroll_columns&quot;:1,&quot;tablet_width&quot;:992,&quot;tablet_display_columns&quot;:2,&quot;tablet_scroll_columns&quot;:1,&quot;mobile_width&quot;:480,&quot;mobile_display_columns&quot;:1,&quot;mobile_scroll_columns&quot;:1}\">\r\n\r\n                                                                                                                <div class=\"ultimate__grid__item__d8d1fa8 ultimate__portfolio__item__parent \">\r\n                                <div class=\"ultimate__single__portfolio ultimate__portfolio__layout__8\" >\r\n                                    \r\n\r\n                                                <div class=\"portfolio__thumb\">\r\n                <a href=\"https:\/\/fundacionpreciosa.com\/index.php\/proyecto-preciosa-2\/\"><img decoding=\"async\" src=\"https:\/\/fundacionpreciosa.com\/wp-content\/uploads\/2025\/04\/CoverPreciosa2.jpg\" alt=\"Proyecto Preciosa 2\"><\/a>\r\n            <\/div>\r\n                       <div class=\"portfolio__content\">\r\n                    <div class=\"portfolio__inner\">\r\n                                            <h3 class=\"portfolio__title\"><a href=\"https:\/\/fundacionpreciosa.com\/index.php\/proyecto-preciosa-2\/\">Proyecto Preciosa 2<\/a><\/h3>\r\n                                                                            <div class=\"portfolio__btn\">\r\n                                                                <\/div>\r\n                            <\/div>\r\n                <\/div>\r\n\r\n            \r\n                                        <\/div>\r\n                            <\/div>\r\n\r\n                        \r\n                                                                                                                <div class=\"ultimate__grid__item__d8d1fa8 ultimate__portfolio__item__parent \">\r\n                                <div class=\"ultimate__single__portfolio ultimate__portfolio__layout__8\" >\r\n                                    \r\n\r\n                                                <div class=\"portfolio__thumb\">\r\n                <a href=\"https:\/\/fundacionpreciosa.com\/index.php\/proyecto-preciosa-1\/\"><img decoding=\"async\" src=\"https:\/\/fundacionpreciosa.com\/wp-content\/uploads\/2024\/01\/cover-preciosa1.jpg\" alt=\"Proyecto Preciosa 1\"><\/a>\r\n            <\/div>\r\n                       <div class=\"portfolio__content\">\r\n                    <div class=\"portfolio__inner\">\r\n                                            <h3 class=\"portfolio__title\"><a href=\"https:\/\/fundacionpreciosa.com\/index.php\/proyecto-preciosa-1\/\">Proyecto Preciosa 1<\/a><\/h3>\r\n                                                                            <div class=\"portfolio__btn\">\r\n                                                                <\/div>\r\n                            <\/div>\r\n                <\/div>\r\n\r\n            \r\n                                        <\/div>\r\n                            <\/div>\r\n\r\n                        \r\n                    \r\n                <\/div>\r\n\r\n                \r\n                    <div class=\"owl-controls\">\r\n                                            <div class=\"ultimate-carousel-nav2410 owl-nav\"><\/div>\r\n                    \r\n                                        <\/div>\r\n\r\n                \r\n            <\/div>\r\n        \t\t<\/div>\n\t\t\t\t<\/div>\n\t\t\t\t\t<\/div>\n\t\t<\/div>\n\t\t\t\t\t\t\t<\/div>\n\t\t<\/section>\n\t\t\t\t\t<\/div>\n\t\t<\/div>\n\t\t\t\t\t\t\t<\/div>\n\t\t<\/section>\n\t\t\t\t\t\t\t<\/div>\n\t\t","protected":false},"excerpt":{"rendered":"<p>Proyectos Echale un ojo a nuestros \u00faltimos proyectos En esta p\u00e1gina te mostramos los casos de \u00e9xito en los que [&hellip;]<\/p>\n","protected":false},"author":1,"featured_media":0,"parent":0,"menu_order":0,"comment_status":"closed","ping_status":"closed","template":"template\/composer.php","meta":{"footnotes":""},"_links":{"self":[{"href":"https:\/\/fundacionpreciosa.com\/index.php\/wp-json\/wp\/v2\/pages\/3669"}],"collection":[{"href":"https:\/\/fundacionpreciosa.com\/index.php\/wp-json\/wp\/v2\/pages"}],"about":[{"href":"https:\/\/fundacionpreciosa.com\/index.php\/wp-json\/wp\/v2\/types\/page"}],"author":[{"embeddable":true,"href":"https:\/\/fundacionpreciosa.com\/index.php\/wp-json\/wp\/v2\/users\/1"}],"replies":[{"embeddable":true,"href":"https:\/\/fundacionpreciosa.com\/index.php\/wp-json\/wp\/v2\/comments?post=3669"}],"version-history":[{"count":26,"href":"https:\/\/fundacionpreciosa.com\/index.php\/wp-json\/wp\/v2\/pages\/3669\/revisions"}],"predecessor-version":[{"id":4480,"href":"https:\/\/fundacionpreciosa.com\/index.php\/wp-json\/wp\/v2\/pages\/3669\/revisions\/4480"}],"wp:attachment":[{"href":"https:\/\/fundacionpreciosa.com\/index.php\/wp-json\/wp\/v2\/media?parent=3669"}],"curies":[{"name":"wp","href":"https:\/\/api.w.org\/{rel}","templated":true}]}}